{"id":65545,"date":"2022-12-24T22:05:05","date_gmt":"2022-12-24T22:05:05","guid":{"rendered":"https:\/\/flexiride.be\/privacy-policy\/"},"modified":"2025-02-04T09:18:28","modified_gmt":"2025-02-04T09:18:28","slug":"privacy-policy","status":"publish","type":"page","link":"https:\/\/flexiride.be\/fr\/privacy-policy\/","title":{"rendered":"politique de confidentialit\u00e9"},"content":{"rendered":"<div data-elementor-type=\"wp-page\" data-elementor-id=\"65545\" class=\"elementor elementor-65545\">\n\t\t\t\t\t\t<section class=\"elementor-section elementor-top-section elementor-element elementor-element-300797c6 elementor-section-boxed elementor-section-height-default elementor-section-height-default sc_fly_static\" data-id=\"300797c6\" data-element_type=\"section\" data-settings=\"{&quot;background_background&quot;:&quot;classic&quot;}\">\n\t\t\t\t\t\t<div class=\"elementor-container elementor-column-gap-extended\">\n\t\t\t\t\t<div class=\"elementor-column elementor-col-100 elementor-top-column elementor-element elementor-element-4e2dafff sc_content_align_inherit sc_layouts_column_icons_position_left sc_fly_static\" data-id=\"4e2dafff\" data-element_type=\"column\">\n\t\t\t<div class=\"elementor-widget-wrap elementor-element-populated\">\n\t\t\t\t\t\t<div class=\"elementor-element elementor-element-311889b7 elementor-widget__width-initial sc_fly_static elementor-widget elementor-widget-text-editor\" data-id=\"311889b7\" data-element_type=\"widget\" data-widget_type=\"text-editor.default\">\n\t\t\t\t<div class=\"elementor-widget-container\">\n\t\t\t\t\t\t\t\t\t<p>flexiride.be (\u00ab nous \u00bb, \u00ab notre \u00bb ou \u00ab nos \u00bb) respecte votre vie priv\u00e9e et s&#039;engage \u00e0 la prot\u00e9ger en respectant la pr\u00e9sente politique de confidentialit\u00e9.<\/p><p>Cette politique de confidentialit\u00e9 d\u00e9crit les types d&#039;informations que nous pouvons collecter aupr\u00e8s de vous ou que vous pouvez nous fournir lorsque vous visitez notre site Web flexiride.be (le \u00ab Site Web \u00bb) et nos pratiques de collecte, d&#039;utilisation, de conservation, de protection et de divulgation de ces informations.<\/p><p><strong>Informations que nous collectons<\/strong><\/p><p>Nous pouvons collecter les informations que vous nous fournissez directement, telles que votre nom, votre adresse e-mail, votre num\u00e9ro de t\u00e9l\u00e9phone et vos informations de paiement lorsque vous effectuez une r\u00e9servation sur notre site web. Nous pouvons \u00e9galement collecter automatiquement des informations lors de votre navigation sur le site web, telles que vos donn\u00e9es d&#039;utilisation, vos adresses IP et les informations collect\u00e9es via les cookies et autres technologies de suivi.<\/p><p><strong>Comment nous utilisons vos informations<\/strong><br \/>Nous pouvons utiliser les informations que nous collectons aupr\u00e8s de vous pour vous fournir nos services, traiter votre paiement, r\u00e9pondre \u00e0 vos demandes et communiquer avec vous au sujet de votre r\u00e9servation. Nous pouvons \u00e9galement utiliser ces informations \u00e0 des fins commerciales internes, notamment pour am\u00e9liorer notre site web et nos services, analyser les tendances et pr\u00e9venir la fraude.<\/p><p><strong>Divulgation de vos informations<\/strong><br \/>Nous pouvons \u00eatre amen\u00e9s \u00e0 divulguer vos informations \u00e0 des tiers, tels que nos prestataires de services et soci\u00e9t\u00e9s affili\u00e9es, afin de vous fournir nos services, de traiter votre paiement et de communiquer avec vous au sujet de votre r\u00e9servation. Nous pouvons \u00e9galement \u00eatre amen\u00e9s \u00e0 divulguer vos informations pour nous conformer aux lois et r\u00e9glementations en vigueur, pour r\u00e9pondre \u00e0 une assignation \u00e0 compara\u00eetre, un mandat de perquisition ou toute autre demande l\u00e9gale d&#039;informations que nous recevons, ou pour prot\u00e9ger nos droits ou ceux d&#039;autrui.<\/p><p><strong>S\u00e9curit\u00e9 de vos informations<\/strong><br \/>Nous avons mis en \u0153uvre des mesures raisonnables pour prot\u00e9ger vos informations contre tout acc\u00e8s, utilisation ou divulgation non autoris\u00e9s. Cependant, aucune transmission de donn\u00e9es sur Internet ou syst\u00e8me de stockage ne peut \u00eatre garantie comme \u00e9tant s\u00e9curis\u00e9e 100%.<\/p><p><strong>Vos choix<\/strong><br \/>Vous pouvez vous d\u00e9sabonner de nos communications marketing en suivant les instructions de d\u00e9sabonnement figurant dans chaque communication. Cependant, nous pourrons continuer \u00e0 vous envoyer des communications non commerciales li\u00e9es \u00e0 votre r\u00e9servation.<\/p><p><strong>Modifications de notre politique de confidentialit\u00e9<\/strong><br \/>Nous sommes susceptibles de mettre \u00e0 jour cette Politique de confidentialit\u00e9 de temps \u00e0 autre. La version r\u00e9vis\u00e9e entrera en vigueur d\u00e8s sa publication sur le site web. Nous vous encourageons \u00e0 consulter r\u00e9guli\u00e8rement cette Politique de confidentialit\u00e9.<\/p><p><strong>Contactez-nous<\/strong><br \/>Si vous avez des questions ou des pr\u00e9occupations concernant cette politique de confidentialit\u00e9 ou nos pratiques, veuillez nous contacter \u00e0 info@flexiride.be.<\/p><p><strong>Date d&#039;entr\u00e9e en vigueur<\/strong><br \/>Cette politique de confidentialit\u00e9 a \u00e9t\u00e9 mise \u00e0 jour pour la derni\u00e8re fois le 04 f\u00e9vrier 2025<\/p>\t\t\t\t\t\t\t\t<\/div>\n\t\t\t\t<\/div>\n\t\t\t\t\t<\/div>\n\t\t<\/div>\n\t\t\t\t\t<\/div>\n\t\t<\/section>\n\t\t\t\t<section class=\"elementor-section elementor-top-section elementor-element elementor-element-3acdb176 elementor-section-boxed elementor-section-height-default elementor-section-height-default sc_fly_static\" data-id=\"3acdb176\" data-element_type=\"section\">\n\t\t\t\t\t\t<div class=\"elementor-container elementor-column-gap-extended\">\n\t\t\t\t\t<div class=\"elementor-column elementor-col-100 elementor-top-column elementor-element elementor-element-18f8fd26 sc_content_align_inherit sc_layouts_column_icons_position_left sc_fly_static\" data-id=\"18f8fd26\" data-element_type=\"column\">\n\t\t\t<div class=\"elementor-widget-wrap elementor-element-populated\">\n\t\t\t\t\t\t<div class=\"elementor-element elementor-element-304dda5a sc_height_large sc_fly_static elementor-widget elementor-widget-spacer\" data-id=\"304dda5a\" data-element_type=\"widget\" data-widget_type=\"spacer.default\">\n\t\t\t\t<div class=\"elementor-widget-container\">\n\t\t\t\t\t\t\t<div class=\"elementor-spacer\">\n\t\t\t<div class=\"elementor-spacer-inner\"><\/div>\n\t\t<\/div>\n\t\t\t\t\t\t<\/div>\n\t\t\t\t<\/div>\n\t\t\t\t\t<\/div>\n\t\t<\/div>\n\t\t\t\t\t<\/div>\n\t\t<\/section>\n\t\t\t\t<\/div>","protected":false},"excerpt":{"rendered":"<p>flexiride.be (\u201cwe,\u201d \u201cour,\u201d or \u201cus\u201d) respects your privacy and is committed to protecting it through our compliance with this Privacy Policy. This Privacy Policy describes the types of information we&hellip;<\/p>","protected":false},"author":1,"featured_media":0,"parent":0,"menu_order":0,"comment_status":"closed","ping_status":"closed","template":"","meta":{"footnotes":""},"class_list":["post-65545","page","type-page","status-publish","hentry"],"_links":{"self":[{"href":"https:\/\/flexiride.be\/fr\/wp-json\/wp\/v2\/pages\/65545","targetHints":{"allow":["GET"]}}],"collection":[{"href":"https:\/\/flexiride.be\/fr\/wp-json\/wp\/v2\/pages"}],"about":[{"href":"https:\/\/flexiride.be\/fr\/wp-json\/wp\/v2\/types\/page"}],"author":[{"embeddable":true,"href":"https:\/\/flexiride.be\/fr\/wp-json\/wp\/v2\/users\/1"}],"replies":[{"embeddable":true,"href":"https:\/\/flexiride.be\/fr\/wp-json\/wp\/v2\/comments?post=65545"}],"version-history":[{"count":6,"href":"https:\/\/flexiride.be\/fr\/wp-json\/wp\/v2\/pages\/65545\/revisions"}],"predecessor-version":[{"id":65884,"href":"https:\/\/flexiride.be\/fr\/wp-json\/wp\/v2\/pages\/65545\/revisions\/65884"}],"wp:attachment":[{"href":"https:\/\/flexiride.be\/fr\/wp-json\/wp\/v2\/media?parent=65545"}],"curies":[{"name":"wp","href":"https:\/\/api.w.org\/{rel}","templated":true}]}}